{"id":109,"date":"2020-10-22T10:55:16","date_gmt":"2020-10-22T08:55:16","guid":{"rendered":"http:\/\/treat-project.com\/startseite\/"},"modified":"2023-04-24T20:02:29","modified_gmt":"2023-04-24T18:02:29","slug":"startseite","status":"publish","type":"page","link":"https:\/\/treat-project.com\/de\/","title":{"rendered":"Startseite"},"content":{"rendered":"<div id=\"pl-109\"  class=\"panel-layout\" ><div id=\"pg-109-0\"  class=\"panel-grid panel-no-style\" ><div id=\"pgc-109-0-0\"  class=\"panel-grid-cell\" ><div id=\"panel-109-0-0-0\" class=\"so-panel widget widget_sow-editor panel-first-child panel-last-child\" data-index=\"0\" ><div\n\t\t\t\n\t\t\tclass=\"so-widget-sow-editor so-widget-sow-editor-base\"\n\t\t\t\n\t\t>\n<div class=\"siteorigin-widget-tinymce textwidget\">\n\t<h1><strong class=\"fn-no-uppercase\">TReAT <\/strong>- mehr <strong>Sicherheit<\/strong> f\u00fcr <strong>Patienten<\/strong> mit unterdr\u00fccktem Immunsystem<\/h1>\n<p>Das Immunsystem ist zwar der wichtigste Abwehrmechanismus unseres K\u00f6rpers, aber es kann auch unser Feind sein. Denken Sie nur daran, wie es neue Organe nach einer Transplantation angreifen kann. Aus diesem Grund ben\u00f6tigen wir manchmal Medikamente wie das Immunsuppressivum Tacrolimus, mit denen wir das Immunsystem unterdr\u00fccken k\u00f6nnen. Dies macht die betroffenen Patienten jedoch anf\u00e4llig f\u00fcr lebensbedrohliche Virusinfektionen.<\/p>\n<p>Im Rahmen des TReAT-Projekts \u00fcberwinden wir diese Herausforderung, indem wir virusspezifische T-Zell-Produkte entwickeln, die in Gegenwart von Tacrolimus aktiviert werden k\u00f6nnen.<\/p>\n<\/div>\n<\/div><\/div><\/div><div id=\"pgc-109-0-1\"  class=\"panel-grid-cell\" ><div id=\"panel-109-0-1-0\" class=\"so-panel widget widget_fn-cards-widget panel-first-child panel-last-child\" data-index=\"1\" ><div\n\t\t\t\n\t\t\tclass=\"so-widget-fn-cards-widget so-widget-fn-cards-widget-base\"\n\t\t\t\n\t\t><div class=\"uk-child-width-1-1 uk-child-width-1-1 uk-child-width-1-2@l uk-grid-match uk-grid-small\" uk-parallax=\"y: 100,0; viewport: 0.5\" uk-grid=\"masonry: true\"><div>\n        <div class=\"uk-card uk-box-shadow-medium uk-border-rounded\">          <div uk-grid>\n                <div class=\"uk-width-auto\">\n                  <div class=\"fn-card-number\" >\n                    <p>1<\/p>\n                  <\/div>\n                <\/div>\n              <\/div>\n              <div class=\"uk-card-media-top \">\n                  <img loading=\"lazy\" decoding=\"async\" width=\"60\" height=\"60\" src=\"https:\/\/treat-project.com\/wp-content\/uploads\/dna.png\" class=\"attachment-full aligncenter size-full aligncenter\" alt=\"\" \/>              <\/div><div class=\"fn-card-body\">\n              <p style=\"text-align: center;\">Nach Entnahme einer Blutprobe des Patienten isolieren wir die T-Zellen, die das Virus bek\u00e4mpfen k\u00f6nnen. <\/p>\n          <\/div>\n        <\/div>\n      <\/div><div>\n        <div class=\"uk-card uk-box-shadow-medium uk-border-rounded\">          <div uk-grid>\n                <div class=\"uk-width-auto\">\n                  <div class=\"fn-card-number\" >\n                    <p>2<\/p>\n                  <\/div>\n                <\/div>\n              <\/div>\n              <div class=\"uk-card-media-top \">\n                  <img loading=\"lazy\" decoding=\"async\" width=\"48\" height=\"60\" src=\"https:\/\/treat-project.com\/wp-content\/uploads\/microscope.png\" class=\"attachment-full aligncenter size-full aligncenter\" alt=\"\" \/>              <\/div><div class=\"fn-card-body\">\n              <p style=\"text-align: center;\">Mit Hilfe der CRISPR-Cas9-Technologie deaktivieren wir dann die genetische Sequenz, die f\u00fcr ein bestimmtes Adaptorprotein in diesen Zellen kodiert - ein Protein, das f\u00fcr die Wirkung von Tacrolimus erforderlich ist.<\/p>\n          <\/div>\n        <\/div>\n      <\/div><div>\n        <div class=\"uk-card uk-box-shadow-medium uk-border-rounded\">          <div uk-grid>\n                <div class=\"uk-width-auto\">\n                  <div class=\"fn-card-number\" >\n                    <p>3<\/p>\n                  <\/div>\n                <\/div>\n              <\/div>\n              <div class=\"uk-card-media-top \">\n                  <img loading=\"lazy\" decoding=\"async\" width=\"56\" height=\"56\" src=\"https:\/\/treat-project.com\/wp-content\/uploads\/vaccine.png\" class=\"attachment-full aligncenter size-full aligncenter\" alt=\"\" \/>              <\/div><div class=\"fn-card-body\">\n              <p style=\"text-align: center;\">Die manipulierten T-Zellen werden dann wieder in den K\u00f6rper des immunsupprimierten Patienten eingesetzt. Sobald das Virus erkannt wird, wird jede einzelne T-Zelle aktiviert und ein gezielter Angriff auf den Erreger eingeleitet.<\/p>\n          <\/div>\n        <\/div>\n      <\/div><div>\n        <div class=\"uk-card uk-box-shadow-medium uk-border-rounded\">          <div uk-grid>\n                <div class=\"uk-width-auto\">\n                  <div class=\"fn-card-number\" >\n                    <p>4<\/p>\n                  <\/div>\n                <\/div>\n              <\/div>\n              <div class=\"uk-card-media-top \">\n                  <img loading=\"lazy\" decoding=\"async\" width=\"58\" height=\"58\" src=\"https:\/\/treat-project.com\/wp-content\/uploads\/immune.png\" class=\"attachment-full aligncenter size-full aligncenter\" alt=\"\" \/>              <\/div><div class=\"fn-card-body\">\n              <p style=\"text-align: center;\">Das TReAT-Projekt zielt darauf ab, die Sicherheit von Patienten mit unterdr\u00fccktem Immunsystem zu erh\u00f6hen und ihre Virenabwehr in einer Zeit der Verwundbarkeit wachsam zu halten.<\/p>\n          <\/div>\n        <\/div>\n      <\/div><\/div><\/div><\/div><\/div><\/div><div id=\"pg-109-1\"  class=\"panel-grid panel-has-style\" ><div class=\"fn-background-left siteorigin-panels-stretch panel-row-style panel-row-style-for-109-1\" data-stretch-type=\"full\" ><div id=\"pgc-109-1-0\"  class=\"panel-grid-cell\" ><div id=\"panel-109-1-0-0\" class=\"so-panel widget widget_sow-video panel-first-child panel-last-child\" data-index=\"2\" ><div class=\"fn-video-padding uk-border-rounded panel-widget-style panel-widget-style-for-109-1-0-0\" ><div\n\t\t\t\n\t\t\tclass=\"so-widget-sow-video so-widget-sow-video-default-f379b959fc93-109\"\n\t\t\t\n\t\t><h3 class=\"widget-title\"> <\/h3>\n<div class=\"sow-video-wrapper\n\">\n\t\t\t<video\n\t\t\tid=\"sow-player-1\" class=\"sow-video-widget\" preload=\"auto\" style=\"width:100%;height:100%;\" poster=\"https:\/\/treat-project.com\/wp-content\/uploads\/DNA_cut.png\" controls \t\t>\n\t\t\t\t\t\t\t<source type=\"video\/mp4\" src=\"https:\/\/treat-project.com\/wp-content\/uploads\/006_004_2022-09-23_treat_final-1080p.mp4\"\/>\n\t\t\t\t\t<\/video>\n\t<\/div>\n<\/div><\/div><\/div><\/div><div id=\"pgc-109-1-1\"  class=\"panel-grid-cell\" ><div id=\"panel-109-1-1-0\" class=\"so-panel widget widget_sow-editor panel-first-child panel-last-child\" data-index=\"3\" ><div\n\t\t\t\n\t\t\tclass=\"so-widget-sow-editor so-widget-sow-editor-base\"\n\t\t\t\n\t\t>\n<div class=\"siteorigin-widget-tinymce textwidget\">\n\t<h2 class=\"uk-h1\">Wie bildet man <strong>T-Zell-Krieger<\/strong>?<\/h2>\n<p>Virusspezifische T-Zell-Krieger k\u00f6nnen aus einer Blutprobe isoliert und vermehrt werden. Diese Krieger k\u00f6nnen dann im Labor in gro\u00dfer Anzahl hergestellt werden und schlie\u00dflich dem Patienten zur\u00fcckgegeben werden, um das spezifische Virus zu bek\u00e4mpfen.  <\/p>\n<\/div>\n<\/div><\/div><\/div><\/div><\/div><div id=\"pg-109-2\"  class=\"panel-grid panel-has-style\" ><div class=\"siteorigin-panels-stretch panel-row-style panel-row-style-for-109-2\" data-stretch-type=\"full\" ><div id=\"pgc-109-2-0\"  class=\"panel-grid-cell\" ><div id=\"panel-109-2-0-0\" class=\"so-panel widget widget_sow-editor panel-first-child panel-last-child\" data-index=\"4\" ><div\n\t\t\t\n\t\t\tclass=\"so-widget-sow-editor so-widget-sow-editor-base\"\n\t\t\t\n\t\t>\n<div class=\"siteorigin-widget-tinymce textwidget\">\n\t<h3 class=\"uk-h1\">T-Zell-Produkte f\u00fcr <strong>adaptive<\/strong> T-Zell-Therapie<\/h3>\n<p>Das TReAT-Projekt (Tacrolimus-resistente antivirale T-Zell-Therapie) hat zum Ziel, eine neue Plattform f\u00fcr die Regeneration von T-Zell-Antworten gegen verschiedene virale Spezifit\u00e4ten zu erschaffen. <\/p>\n<p>Dieser personalisierte therapeutische Ansatz, bei dem Tac.-res antivirale T-Zell-Produkte (Tacrolimus-resistente antivirale T-Zell-Produkte) verwendet werden, kann die Induktion einer starken Immunantwort gegen virale Krankheitserreger erm\u00f6glichen, die den K\u00f6rper infizieren k\u00f6nnen, w\u00e4hrend die unerw\u00fcnschte und \u00fcberhitzte Immunantwort z.B. bei Organtransplantationen und Autoimmunit\u00e4t unterdr\u00fcckt wird. Dies geschieht mit dem Immunsuppressivum Tacrolimus. <\/p>\n<p>Dieses Projekt wird neue Wege zur Entwicklung von patientenspezifischen T-Zellen mit einzigartigen viralen Eigenschaften er\u00f6ffnen, die in gr\u00f6\u00dferem Ma\u00dfstab in die Klinik \u00fcbertragen werden k\u00f6nnen. Die klinische Entwicklung dieser Krieger-T-Zellen erfordert ein GMP-konformes Verfahren, welches die Grundlage f\u00fcr unsere T-Zell-Produkte bildet und ihre \u00dcbertragung und den Weg in die Klinik ebnet.<\/p>\n<\/div>\n<\/div><\/div><\/div><div id=\"pgc-109-2-1\"  class=\"panel-grid-cell\" ><div id=\"panel-109-2-1-0\" class=\"so-panel widget widget_fn-image-animation-widget panel-first-child panel-last-child\" data-index=\"5\" ><div\n\t\t\t\n\t\t\tclass=\"so-widget-fn-image-animation-widget so-widget-fn-image-animation-widget-base\"\n\t\t\t\n\t\t><div class=\"fn-image-animation-container uk-flex uk-flex-center uk-child-width-1-2 uk-child-width-1-2@s uk-child-width-1-2@m uk-grid-match uk-grid-small\" uk-grid><div>\n        <div class=\"\">\n          <div class=\"fn-image-animation-1\">\n              <img loading=\"lazy\" decoding=\"async\" width=\"150\" height=\"150\" src=\"https:\/\/treat-project.com\/wp-content\/uploads\/tcell_alpha_blau-150x150.png\" class=\"attachment-thumbnail size-thumbnail\" alt=\"\" srcset=\"https:\/\/treat-project.com\/wp-content\/uploads\/tcell_alpha_blau-150x150.png 150w, https:\/\/treat-project.com\/wp-content\/uploads\/tcell_alpha_blau-300x300.png 300w, https:\/\/treat-project.com\/wp-content\/uploads\/tcell_alpha_blau-1024x1024.png 1024w, https:\/\/treat-project.com\/wp-content\/uploads\/tcell_alpha_blau-768x768.png 768w, https:\/\/treat-project.com\/wp-content\/uploads\/tcell_alpha_blau-1536x1536.png 1536w, https:\/\/treat-project.com\/wp-content\/uploads\/tcell_alpha_blau-2048x2048.png 2048w, https:\/\/treat-project.com\/wp-content\/uploads\/tcell_alpha_blau-960x960.png 960w, https:\/\/treat-project.com\/wp-content\/uploads\/tcell_alpha_blau-480x480.png 480w\" sizes=\"auto, (max-width: 150px) 100vw, 150px\" \/>          <\/div>\n        <\/div>\n      <\/div><div>\n        <div class=\"\">\n          <div class=\"fn-image-animation-2\">\n              <img loading=\"lazy\" decoding=\"async\" width=\"150\" height=\"150\" src=\"https:\/\/treat-project.com\/wp-content\/uploads\/tcell_alpha_orange-150x150.png\" class=\"attachment-thumbnail size-thumbnail\" alt=\"\" srcset=\"https:\/\/treat-project.com\/wp-content\/uploads\/tcell_alpha_orange-150x150.png 150w, https:\/\/treat-project.com\/wp-content\/uploads\/tcell_alpha_orange-960x960.png 960w, https:\/\/treat-project.com\/wp-content\/uploads\/tcell_alpha_orange-768x768.png 768w, https:\/\/treat-project.com\/wp-content\/uploads\/tcell_alpha_orange-480x480.png 480w\" sizes=\"auto, (max-width: 150px) 100vw, 150px\" \/>          <\/div>\n        <\/div>\n      <\/div><div>\n        <div class=\"\">\n          <div class=\"fn-image-animation-3\">\n              <img loading=\"lazy\" decoding=\"async\" width=\"150\" height=\"150\" src=\"https:\/\/treat-project.com\/wp-content\/uploads\/tcell_alpha_pink-150x150.png\" class=\"attachment-thumbnail size-thumbnail\" alt=\"\" srcset=\"https:\/\/treat-project.com\/wp-content\/uploads\/tcell_alpha_pink-150x150.png 150w, https:\/\/treat-project.com\/wp-content\/uploads\/tcell_alpha_pink-960x960.png 960w, https:\/\/treat-project.com\/wp-content\/uploads\/tcell_alpha_pink-768x768.png 768w, https:\/\/treat-project.com\/wp-content\/uploads\/tcell_alpha_pink-480x480.png 480w\" sizes=\"auto, (max-width: 150px) 100vw, 150px\" \/>          <\/div>\n        <\/div>\n      <\/div><\/div><\/div><\/div><\/div><\/div><\/div><div id=\"pg-109-3\"  class=\"panel-grid panel-no-style\" ><div id=\"pgc-109-3-0\"  class=\"panel-grid-cell\" ><div id=\"panel-109-3-0-0\" class=\"so-panel widget widget_sow-editor panel-first-child panel-last-child\" data-index=\"6\" ><div\n\t\t\t\n\t\t\tclass=\"so-widget-sow-editor so-widget-sow-editor-base\"\n\t\t\t\n\t\t>\n<div class=\"siteorigin-widget-tinymce textwidget\">\n\t<h3 class=\"uk-h1\" style=\"text-align: center;\">Our <strong>Blog<\/strong><\/h3>\n<p style=\"text-align: center;\"><div class=\"uk-margin-medium-top\">      <div>\n        <article>\n          <div class=\"fn-blog-article uk-box-shadow-medium uk-border-rounded\">\n            <div uk-grid>\n                <div class=\"article-content uk-width-1-2@m\">\n                  <div class=\"uk-background-secondary uk-padding  uk-height-1-1 fn-blog-title\">\n                    <div>\n                      <h3 class=\"article-title uk-margin-remove uk-h2\">\n                        Januar, 2023: Charit\u00e9 3R Aufruf \u201eHumane 3D Modelle f\u00fcr Replacement and Reduction\"                      <\/h3>\n                    <!--  <div class=\"article-meta uk-margin-bottom uk-margin-top uk-text-small\">\n                        <div class=\"uk-grid-small uk-child-width-auto\" uk-grid>\n                          <div class=\"uk-text-primary\"><i class=\"fa-solid fa-tags\"><\/i> <a href=\"https:\/\/treat-project.com\/de\/category\/new-projects-2-de\/\" rel=\"category tag\">New projects<\/a><\/div>\n                        <\/div>\n                      <\/div>-->\n                    <\/div>\n                  <\/div>\n                <\/div>\n                <div class=\"uk-width-1-2@m fn-blog-shortcode-content\">\n                  <div class=\"uk-padding \">\n                    <div class=\"article-text\">Ein autologes Modell der adaptiven Immunantwort in menschlichen Lungenorganoiden: Zielgerichtete Infektion mit Influenza-spezifischen T-Zellen<\/div>\n                    <div class=\"uk-margin-medium-top\">\n                      <a class =\"uk-button uk-button-primary\" href=\"https:\/\/treat-project.com\/de\/2023\/01\/01\/january-2023-charite-3r-call-human-3d-models-for-replacement-or-reduction\/\">Mehr erfahren<\/a>\n                    <\/div>\n                  <\/div>\n                <\/div>\n              <\/div>\n          <\/div>\n        <\/article>\n      <\/div>            <\/div><\/p>\n<\/div>\n<\/div><\/div><\/div><\/div><div id=\"pg-109-4\"  class=\"panel-grid panel-has-style\" ><div class=\"fn-background-right siteorigin-panels-stretch panel-row-style panel-row-style-for-109-4\" data-stretch-type=\"full\" ><div id=\"pgc-109-4-0\"  class=\"panel-grid-cell\" ><div class=\"fn-remove-margin-top panel-cell-style panel-cell-style-for-109-4-0\" ><div id=\"panel-109-4-0-0\" class=\"so-panel widget widget_sow-editor panel-first-child panel-last-child\" data-index=\"7\" ><div\n\t\t\t\n\t\t\tclass=\"so-widget-sow-editor so-widget-sow-editor-base\"\n\t\t\t\n\t\t>\n<div class=\"siteorigin-widget-tinymce textwidget\">\n\t<h3 class=\"uk-h1\"><strong>\u00dcber<\/strong> uns<\/h3>\n<p>Wir sind eine interdisziplin\u00e4re und kooperative Nachwuchsgruppe, die sich engagiert, eine neue Grundlage f\u00fcr patientenspezifische, GMP-konforme antivirale T-Zell-Therapeutika zu schaffen. Wir verf\u00fcgen \u00fcber umfangreiche Kenntnisse auf dem Gebiet der adoptiven antiviralen T-Zell-Therapie und haben bereits CMV- sowie Sars-Cov-2-spezifische T-Zell-Produkte f\u00fcr die klinische Anwendung generiert.<\/p>\n<p>Die Amini-Gruppe wird von Dr. Leila Amini als Gruppenleiterin sowie Leiterin der klinischen Produktionseinheit am BeCAT geleitet. Wir konzentrieren uns auf die Herstellung verschiedener antiviraler T-Zell-Produkte (TCPs).<\/p>\n<p class=\"uk-text-small\">Fotografie\u00a9HeidiScherm<\/p>\n<p><a class=\"uk-button uk-button-primary\" href=\"https:\/\/treat-project.com\/de\/ueber-uns\/\">Mehr \u00fcber uns<\/a><\/p>\n<\/div>\n<\/div><\/div><\/div><\/div><div id=\"pgc-109-4-1\"  class=\"panel-grid-cell\" ><div class=\"fn-remove-margin-top panel-cell-style panel-cell-style-for-109-4-1\" ><div id=\"panel-109-4-1-0\" class=\"so-panel widget widget_sow-image panel-first-child panel-last-child\" data-index=\"8\" ><div class=\"uk-border-rounded panel-widget-style panel-widget-style-for-109-4-1-0\" ><div\n\t\t\t\n\t\t\tclass=\"so-widget-sow-image so-widget-sow-image-default-8b5b6f678277-592\"\n\t\t\t\n\t\t>\n<div class=\"sow-image-container\">\n\t\t<img \n\tsrc=\"https:\/\/treat-project.com\/wp-content\/uploads\/TreAt_Labor-132.jpg\" width=\"1920\" height=\"1280\" srcset=\"https:\/\/treat-project.com\/wp-content\/uploads\/TreAt_Labor-132.jpg 1920w, https:\/\/treat-project.com\/wp-content\/uploads\/TreAt_Labor-132-300x200.jpg 300w, https:\/\/treat-project.com\/wp-content\/uploads\/TreAt_Labor-132-1024x683.jpg 1024w, https:\/\/treat-project.com\/wp-content\/uploads\/TreAt_Labor-132-768x512.jpg 768w, https:\/\/treat-project.com\/wp-content\/uploads\/TreAt_Labor-132-1536x1024.jpg 1536w\" sizes=\"(max-width: 1920px) 100vw, 1920px\" title=\"TreAt\" alt=\"\" \t\tclass=\"so-widget-image\"\/>\n\t<\/div>\n\n<\/div><\/div><\/div><\/div><\/div><\/div><\/div><div id=\"pg-109-5\"  class=\"panel-grid panel-has-style\" ><div class=\"fn-curly-overlay fn-primary-overlay fn-minus-margin-parent-120 siteorigin-panels-stretch panel-row-style panel-row-style-for-109-5\" data-stretch-type=\"full\" ><div id=\"pgc-109-5-0\"  class=\"panel-grid-cell panel-grid-cell-empty\" ><\/div><div id=\"pgc-109-5-1\"  class=\"panel-grid-cell panel-grid-cell-mobile-last\" ><div class=\"fn-donate uk-light  panel-cell-style panel-cell-style-for-109-5-1\" ><div id=\"panel-109-5-1-0\" class=\"so-panel widget widget_sow-editor panel-first-child panel-last-child\" data-index=\"9\" ><div\n\t\t\t\n\t\t\tclass=\"so-widget-sow-editor so-widget-sow-editor-base\"\n\t\t\t\n\t\t>\n<div class=\"siteorigin-widget-tinymce textwidget\">\n\t<h3 class=\"uk-h2\" style=\"text-align: center;\">Ihr Beitrag zu unserer Forschung<\/h3>\n<p style=\"text-align: center;\">So unterst\u00fctzen Sie uns bei der Herstellung von wirksamen und sicheren T-Zell-Kriegern f\u00fcr die Patientenversorgung<\/p>\n<p style=\"text-align: center;\"><a class=\"uk-button uk-button-primary\" href=\"https:\/\/treat-project.com\/de\/kontakt#spenden\">Spenden Sie hier<\/a><\/p>\n<\/div>\n<\/div><\/div><\/div><\/div><div id=\"pgc-109-5-2\"  class=\"panel-grid-cell panel-grid-cell-empty\" ><\/div><\/div><\/div><\/div>","protected":false},"excerpt":{"rendered":"<p>TReAT - mehr Sicherheit f\u00fcr Patienten mit unterdr\u00fccktem Immunsystem Das Immunsystem ist zwar der wichtigste Abwehrmechanismus unseres K\u00f6rpers, aber es kann auch unser Feind sein. Denken Sie nur daran, wie es neue Organe nach einer Transplantation angreifen kann. Aus diesem Grund ben\u00f6tigen wir manchmal Medikamente wie das Immunsuppressivum Tacrolimus, mit denen wir das Immunsystem unterdr\u00fccken [&hellip;]<\/p>\n","protected":false},"author":1,"featured_media":0,"parent":0,"menu_order":0,"comment_status":"closed","ping_status":"closed","template":"","meta":{"_acf_changed":false,"footnotes":""},"class_list":["post-109","page","type-page","status-publish","hentry"],"acf":[],"_links":{"self":[{"href":"https:\/\/treat-project.com\/de\/wp-json\/wp\/v2\/pages\/109","targetHints":{"allow":["GET"]}}],"collection":[{"href":"https:\/\/treat-project.com\/de\/wp-json\/wp\/v2\/pages"}],"about":[{"href":"https:\/\/treat-project.com\/de\/wp-json\/wp\/v2\/types\/page"}],"author":[{"embeddable":true,"href":"https:\/\/treat-project.com\/de\/wp-json\/wp\/v2\/users\/1"}],"replies":[{"embeddable":true,"href":"https:\/\/treat-project.com\/de\/wp-json\/wp\/v2\/comments?post=109"}],"version-history":[{"count":35,"href":"https:\/\/treat-project.com\/de\/wp-json\/wp\/v2\/pages\/109\/revisions"}],"predecessor-version":[{"id":722,"href":"https:\/\/treat-project.com\/de\/wp-json\/wp\/v2\/pages\/109\/revisions\/722"}],"wp:attachment":[{"href":"https:\/\/treat-project.com\/de\/wp-json\/wp\/v2\/media?parent=109"}],"curies":[{"name":"wp","href":"https:\/\/api.w.org\/{rel}","templated":true}]}}