{"id":232,"date":"2022-10-25T12:20:16","date_gmt":"2022-10-25T10:20:16","guid":{"rendered":"http:\/\/treat-project.com\/contact\/"},"modified":"2023-04-24T20:01:08","modified_gmt":"2023-04-24T18:01:08","slug":"kontakt","status":"publish","type":"page","link":"https:\/\/treat-project.com\/de\/kontakt\/","title":{"rendered":"Kontakt"},"content":{"rendered":"<div id=\"pl-gb232-6a034599a7317\"  class=\"panel-layout\" ><div id=\"pg-gb232-6a034599a7317-0\"  class=\"panel-grid panel-no-style\" ><div id=\"pgc-gb232-6a034599a7317-0-0\"  class=\"panel-grid-cell\" ><div id=\"panel-gb232-6a034599a7317-0-0-0\" class=\"so-panel widget widget_sow-editor panel-first-child panel-last-child\" data-index=\"0\" ><div\n\t\t\t\n\t\t\tclass=\"so-widget-sow-editor so-widget-sow-editor-base\"\n\t\t\t\n\t\t>\n<div class=\"siteorigin-widget-tinymce textwidget\">\n\t<h1>Haben Sie <strong>Fragen<\/strong> zum <strong>Projekt<\/strong>?<\/h1>\n<p>Dann nutzen Sie unser Kontaktformular!<\/p>\n<p>Wir freuen uns auf Ihre Nachricht und werden sie so schnell wie m\u00f6glich beantworten.<\/p>\n<h3><strong class=\"fn-no-uppercase\">TReAT<\/strong> Projekt<\/h3>\n<p class=\"uk-text-large\"><i class=\"fas fa-map-marker uk-margin-small-bottom uk-margin-small-right uk-text-primary\"><\/i> Augustenburger Platz 1, 13353  Berlin<\/p>\n<p class=\"uk-text-large\"><i class=\"fas fa-phone-alt uk-margin-small-bottom uk-margin-small-right uk-text-primary\"><\/i> <a href=\"tel:004930450524087\">+49 30 450 524 087<\/a><\/p>\n<p class=\"uk-text-large\"><i class=\"fas fa-envelope uk-margin-small-bottom uk-margin-small-right uk-text-primary\"><\/i><a href=\"mailto:in&#102;o&#64;&#116;&#114;e&#97;&#116;-p&#114;&#111;&#106;&#101;&#99;t.com\">in&#102;&#111;&#64;&#116;&#114;&#101;&#97;t&#45;&#112;&#114;o&#106;&#101;c&#116;&#46;co&#109;<\/a><\/p>\n<\/div>\n<\/div><\/div><\/div><div id=\"pgc-gb232-6a034599a7317-0-1\"  class=\"panel-grid-cell\" ><div class=\"uk-box-shadow-medium uk-background-default fn-padding uk-border-rounded panel-cell-style panel-cell-style-for-gb232-6a034599a7317-0-1\" ><div id=\"panel-gb232-6a034599a7317-0-1-0\" class=\"so-panel widget widget_sow-editor panel-first-child panel-last-child\" data-index=\"1\" ><div\n\t\t\t\n\t\t\tclass=\"so-widget-sow-editor so-widget-sow-editor-base\"\n\t\t\t\n\t\t>\n<div class=\"siteorigin-widget-tinymce textwidget\">\n\t\n<div class=\"wpcf7 no-js\" id=\"wpcf7-f237-o1\" lang=\"de-DE\" dir=\"ltr\" data-wpcf7-id=\"237\">\n<div class=\"screen-reader-response\"><p role=\"status\" aria-live=\"polite\" aria-atomic=\"true\"><\/p> <ul><\/ul><\/div>\n<form action=\"\/de\/wp-json\/wp\/v2\/pages\/232#wpcf7-f237-o1\" method=\"post\" class=\"wpcf7-form init\" aria-label=\"Kontaktformular\" novalidate=\"novalidate\" data-status=\"init\">\n<fieldset class=\"hidden-fields-container\"><input type=\"hidden\" name=\"_wpcf7\" value=\"237\" \/><input type=\"hidden\" name=\"_wpcf7_version\" value=\"6.1.5\" \/><input type=\"hidden\" name=\"_wpcf7_locale\" value=\"de_DE\" \/><input type=\"hidden\" name=\"_wpcf7_unit_tag\" value=\"wpcf7-f237-o1\" \/><input type=\"hidden\" name=\"_wpcf7_container_post\" value=\"0\" \/><input type=\"hidden\" name=\"_wpcf7_posted_data_hash\" value=\"\" \/>\n<\/fieldset>\n<div uk-grid class=\"uk-grid-small\">\n\t<div class=\"uk-width-1-1\">\n\t\t<p><span class=\"wpcf7-form-control-wrap\" data-name=\"fn-name\"><input size=\"40\" maxlength=\"400\" class=\"wpcf7-form-control wpcf7-text wpcf7-validates-as-required uk-input\" aria-required=\"true\" aria-invalid=\"false\" placeholder=\"Name *\" value=\"\" type=\"text\" name=\"fn-name\" \/><\/span>\n\t\t<\/p>\n\t<\/div>\n\t<div class=\"uk-width-1-2@m\">\n\t\t<p><span class=\"wpcf7-form-control-wrap\" data-name=\"fn-mail\"><input size=\"40\" maxlength=\"400\" class=\"wpcf7-form-control wpcf7-email wpcf7-validates-as-required wpcf7-text wpcf7-validates-as-email uk-input\" aria-required=\"true\" aria-invalid=\"false\" placeholder=\"E-Mail *\" value=\"\" type=\"email\" name=\"fn-mail\" \/><\/span><span id=\"mail-verify\" class=\"wpcf7-form-control-wrap fn-mail-verify-wrap\" ><input id=\"mail-verify\"  class=\"wpcf7-form-control wpcf7-text fn-mail-verify\" type=\"text\" name=\"fn-mail-verify\" value=\"\" size=\"40\" tabindex=\"-1\" autocomplete=\"new-password\" \/><\/span>\n\t\t<\/p>\n\t<\/div>\n\t<div class=\"uk-width-1-2@m\">\n\t\t<p><span class=\"wpcf7-form-control-wrap\" data-name=\"fn-phone\"><input size=\"40\" maxlength=\"400\" class=\"wpcf7-form-control wpcf7-text wpcf7-validates-as-required uk-input\" aria-required=\"true\" aria-invalid=\"false\" placeholder=\"Telefon *\" value=\"\" type=\"text\" name=\"fn-phone\" \/><\/span>\n\t\t<\/p>\n\t<\/div>\n\t<div class=\"uk-width-1-1\">\n\t\t<p><span class=\"wpcf7-form-control-wrap\" data-name=\"fn-message\"><textarea cols=\"40\" rows=\"4\" maxlength=\"2000\" class=\"wpcf7-form-control wpcf7-textarea uk-textarea uk-margin-small-bottom\" aria-invalid=\"false\" placeholder=\"Ihre Nachricht\" name=\"fn-message\"><\/textarea><\/span>\n\t\t<\/p>\n\t<\/div>\n\t<div class=\"uk-width-1-1\">\n\t\t<p><span class=\"wpcf7-form-control-wrap\" data-name=\"fn-datenschutz\"><span class=\"wpcf7-form-control wpcf7-acceptance\"><span class=\"wpcf7-list-item\"><label><input type=\"checkbox\" name=\"fn-datenschutz\" value=\"1\" class=\"uk-checkbox\" aria-invalid=\"false\" \/><span class=\"wpcf7-list-item-label\">Ich bin damit einverstanden, dass meine Daten aus dem Formular zur Beantwortung meiner Anfrage erhoben und verarbeitet werden. <a href=\"\/data-privacy\/\">Datenschutz<\/a> *<\/span><\/label><\/span><\/span><\/span>\n\t\t<\/p>\n\t<\/div>\n\t<div class=\"uk-width-1-1 uk-position-relative\">\n\t\t<p><input class=\"wpcf7-form-control wpcf7-submit has-spinner uk-button uk-button-primary\" type=\"submit\" value=\"Senden\" \/>\n\t\t<\/p>\n\t<\/div>\n<\/div><div class=\"wpcf7-response-output\" aria-hidden=\"true\"><\/div>\n<\/form>\n<\/div>\n\n<\/div>\n<\/div><\/div><\/div><\/div><\/div><div id=\"pg-gb232-6a034599a7317-1\"  class=\"panel-grid panel-no-style\" ><div id=\"pgc-gb232-6a034599a7317-1-0\"  class=\"panel-grid-cell\" ><div id=\"panel-gb232-6a034599a7317-1-0-0\" class=\"so-panel widget widget_sow-editor panel-first-child\" data-index=\"2\" ><div\n\t\t\t\n\t\t\tclass=\"so-widget-sow-editor so-widget-sow-editor-base\"\n\t\t\t\n\t\t>\n<div class=\"siteorigin-widget-tinymce textwidget\">\n\t<p><a name=\"spenden\"><\/a><\/p>\n<\/div>\n<\/div><\/div><div id=\"panel-gb232-6a034599a7317-1-0-1\" class=\"so-panel widget widget_sow-editor panel-last-child\" data-index=\"3\" ><div\n\t\t\t\n\t\t\tclass=\"so-widget-sow-editor so-widget-sow-editor-base\"\n\t\t\t\n\t\t>\n<div class=\"siteorigin-widget-tinymce textwidget\">\n\t<h3 class=\"uk-h2\" style=\"text-align: center;\">Ihr <strong>Beitrag<\/strong> zu unserer <strong>Forschung<\/strong><\/h3>\n<p style=\"text-align: center;\">So unterst\u00fctzen Sie uns bei der Herstellung von wirksamen und sicheren T-Zell-Kriegern f\u00fcr die Patientenversorgung<\/p>\n<\/div>\n<\/div><\/div><\/div><\/div><div id=\"pg-gb232-6a034599a7317-2\"  class=\"panel-grid panel-no-style\" ><div id=\"pgc-gb232-6a034599a7317-2-0\"  class=\"panel-grid-cell\" ><div id=\"panel-gb232-6a034599a7317-2-0-0\" class=\"so-panel widget widget_sow-image panel-first-child panel-last-child\" data-index=\"4\" ><div class=\"uk-border-rounded panel-widget-style panel-widget-style-for-gb232-6a034599a7317-2-0-0\" ><div\n\t\t\t\n\t\t\tclass=\"so-widget-sow-image so-widget-sow-image-default-8b5b6f678277-232\"\n\t\t\t\n\t\t>\n<div class=\"sow-image-container\">\n\t\t<img \n\tsrc=\"https:\/\/treat-project.com\/wp-content\/uploads\/TreAt_Team_Laila-7.jpg\" width=\"1920\" height=\"1280\" srcset=\"https:\/\/treat-project.com\/wp-content\/uploads\/TreAt_Team_Laila-7.jpg 1920w, https:\/\/treat-project.com\/wp-content\/uploads\/TreAt_Team_Laila-7-300x200.jpg 300w, https:\/\/treat-project.com\/wp-content\/uploads\/TreAt_Team_Laila-7-1024x683.jpg 1024w, https:\/\/treat-project.com\/wp-content\/uploads\/TreAt_Team_Laila-7-768x512.jpg 768w, https:\/\/treat-project.com\/wp-content\/uploads\/TreAt_Team_Laila-7-1536x1024.jpg 1536w\" sizes=\"(max-width: 1920px) 100vw, 1920px\" title=\"TreAt\" alt=\"\" \t\tclass=\"so-widget-image\"\/>\n\t<\/div>\n\n<\/div><\/div><\/div><\/div><div id=\"pgc-gb232-6a034599a7317-2-1\"  class=\"panel-grid-cell\" ><div id=\"panel-gb232-6a034599a7317-2-1-0\" class=\"so-panel widget widget_sow-editor panel-first-child panel-last-child\" data-index=\"5\" ><div\n\t\t\t\n\t\t\tclass=\"so-widget-sow-editor so-widget-sow-editor-base\"\n\t\t\t\n\t\t>\n<div class=\"siteorigin-widget-tinymce textwidget\">\n\t<h5>Kontoinhaber<\/h5>\n<p>Freunde und F\u00f6rderer der Berliner Charit\u00e9 e.V.<\/p>\n<h5>Bank<\/h5>\n<p>Deutsche Apotheker- und \u00c4rztebank eG<\/p>\n<h5>BIC<\/h5>\n<p>DAAEDEDDXXX<\/p>\n<h5>IBAN<\/h5>\n<p>DE82 3006 0601 0003 2522 56<\/p>\n<h5>Verwendungszweck<\/h5>\n<p>12530<\/p>\n<\/div>\n<\/div><\/div><\/div><\/div><\/div>\n\n\n<p><sub>Fotografie\u00a9HeidiScherm<\/sub><\/p>\n","protected":false},"excerpt":{"rendered":"<p>Haben Sie Fragen zum Projekt? Dann nutzen Sie unser Kontaktformular! Wir freuen uns auf Ihre Nachricht und werden sie so schnell wie m\u00f6glich beantworten. TReAT Projekt , Ihr Beitrag zu unserer Forschung So unterst\u00fctzen Sie uns bei der Herstellung von wirksamen und sicheren T-Zell-Kriegern f\u00fcr die Patientenversorgung<\/p>\n","protected":false},"author":1,"featured_media":108,"parent":0,"menu_order":0,"comment_status":"closed","ping_status":"closed","template":"","meta":{"_acf_changed":false,"footnotes":""},"class_list":["post-232","page","type-page","status-publish","has-post-thumbnail","hentry"],"acf":[],"_links":{"self":[{"href":"https:\/\/treat-project.com\/de\/wp-json\/wp\/v2\/pages\/232","targetHints":{"allow":["GET"]}}],"collection":[{"href":"https:\/\/treat-project.com\/de\/wp-json\/wp\/v2\/pages"}],"about":[{"href":"https:\/\/treat-project.com\/de\/wp-json\/wp\/v2\/types\/page"}],"author":[{"embeddable":true,"href":"https:\/\/treat-project.com\/de\/wp-json\/wp\/v2\/users\/1"}],"replies":[{"embeddable":true,"href":"https:\/\/treat-project.com\/de\/wp-json\/wp\/v2\/comments?post=232"}],"version-history":[{"count":6,"href":"https:\/\/treat-project.com\/de\/wp-json\/wp\/v2\/pages\/232\/revisions"}],"predecessor-version":[{"id":719,"href":"https:\/\/treat-project.com\/de\/wp-json\/wp\/v2\/pages\/232\/revisions\/719"}],"wp:featuredmedia":[{"embeddable":true,"href":"https:\/\/treat-project.com\/de\/wp-json\/wp\/v2\/media\/108"}],"wp:attachment":[{"href":"https:\/\/treat-project.com\/de\/wp-json\/wp\/v2\/media?parent=232"}],"curies":[{"name":"wp","href":"https:\/\/api.w.org\/{rel}","templated":true}]}}